{"id":283,"date":"2026-03-19T01:06:17","date_gmt":"2026-03-19T06:06:17","guid":{"rendered":"https:\/\/panel.ms-tres.com\/?page_id=283"},"modified":"2026-03-19T01:06:17","modified_gmt":"2026-03-19T06:06:17","slug":"proximas-visitas","status":"publish","type":"page","link":"https:\/\/panel.ms-tres.com\/?page_id=283","title":{"rendered":"PR\u00d3XIMAS VISITAS"},"content":{"rendered":"<div style=\"background:#f9f9f9; border:1px solid #ddd; padding:40px; text-align:center; border-radius:10px; max-width:500px; margin:0 auto;\"><h2 style=\"color:#d63638; margin-top:0;\">Acceso T\u00e9cnico Restringido<\/h2><p style=\"color:#666; font-size:16px;\">Debes iniciar sesi\u00f3n con una cuenta t\u00e9cnica autorizada para ver este m\u00f3dulo.<\/p><a href=\"https:\/\/panel.ms-tres.com\/wp-login.php?redirect_to=https%3A%2F%2Fpanel.ms-tres.com%2F%3Fpage_id%3D283\" style=\"display:inline-block; background:#d63638; color:#fff; padding:12px 25px; text-decoration:none; border-radius:5px; font-weight:bold; margin-top:15px;\">Iniciar Sesi\u00f3n<\/a><\/div>\n","protected":false},"excerpt":{"rendered":"","protected":false},"author":1,"featured_media":0,"parent":0,"menu_order":0,"comment_status":"closed","ping_status":"closed","template":"","meta":{"_eb_attr":"","footnotes":""},"class_list":["post-283","page","type-page","status-publish","hentry"],"_links":{"self":[{"href":"https:\/\/panel.ms-tres.com\/index.php?rest_route=\/wp\/v2\/pages\/283","targetHints":{"allow":["GET"]}}],"collection":[{"href":"https:\/\/panel.ms-tres.com\/index.php?rest_route=\/wp\/v2\/pages"}],"about":[{"href":"https:\/\/panel.ms-tres.com\/index.php?rest_route=\/wp\/v2\/types\/page"}],"author":[{"embeddable":true,"href":"https:\/\/panel.ms-tres.com\/index.php?rest_route=\/wp\/v2\/users\/1"}],"replies":[{"embeddable":true,"href":"https:\/\/panel.ms-tres.com\/index.php?rest_route=%2Fwp%2Fv2%2Fcomments&post=283"}],"version-history":[{"count":1,"href":"https:\/\/panel.ms-tres.com\/index.php?rest_route=\/wp\/v2\/pages\/283\/revisions"}],"predecessor-version":[{"id":284,"href":"https:\/\/panel.ms-tres.com\/index.php?rest_route=\/wp\/v2\/pages\/283\/revisions\/284"}],"wp:attachment":[{"href":"https:\/\/panel.ms-tres.com\/index.php?rest_route=%2Fwp%2Fv2%2Fmedia&parent=283"}],"curies":[{"name":"wp","href":"https:\/\/api.w.org\/{rel}","templated":true}]}}